{"id":16,"date":"2024-12-02T20:51:55","date_gmt":"2024-12-02T19:51:55","guid":{"rendered":"https:\/\/www.xn--kpr-0na.eu\/?page_id=16"},"modified":"2025-04-23T18:41:52","modified_gmt":"2025-04-23T16:41:52","slug":"uvod","status":"publish","type":"page","link":"https:\/\/www.xn--kpr-0na.eu\/","title":{"rendered":"\u00davod"},"content":{"rendered":"<p>[et_pb_section fb_built=&#8220;1&#8243; _builder_version=&#8220;4.27.4&#8243; _module_preset=&#8220;default&#8220; background_image=&#8220;https:\/\/www.xn--kpr-0na.eu\/wp-content\/uploads\/2024\/12\/kopr-bacgroung-1920x1080x72px.jpg&#8220; max_width=&#8220;1920px&#8220; max_width_tablet=&#8220;768px&#8220; max_width_phone=&#8220;400px&#8220; max_width_last_edited=&#8220;on|phone&#8220; module_alignment=&#8220;center&#8220; min_height=&#8220;1080px&#8220; min_height_tablet=&#8220;468px&#8220; min_height_phone=&#8220;720px&#8220; min_height_last_edited=&#8220;on|desktop&#8220; custom_padding=&#8220;0px||0px||false|false&#8220; background_last_edited=&#8220;on|phone&#8220; background_image_tablet=&#8220;https:\/\/www.xn--kpr-0na.eu\/wp-content\/uploads\/2024\/12\/kopr-bacgroung-768x432x72px.jpg&#8220; background_image_phone=&#8220;https:\/\/www.xn--kpr-0na.eu\/wp-content\/uploads\/2024\/12\/kopr-bacgroung-400&#215;720-1.jpg&#8220; background_enable_image_tablet=&#8220;on&#8220; background_enable_image_phone=&#8220;on&#8220; global_colors_info=&#8220;{}&#8220;][et_pb_row _builder_version=&#8220;4.27.4&#8243; _module_preset=&#8220;default&#8220; global_colors_info=&#8220;{}&#8220;][et_pb_column type=&#8220;4_4&#8243; _builder_version=&#8220;4.27.4&#8243; _module_preset=&#8220;default&#8220; global_colors_info=&#8220;{}&#8220;][et_pb_divider show_divider=&#8220;off&#8220; _builder_version=&#8220;4.27.4&#8243; _module_preset=&#8220;default&#8220; min_height=&#8220;750px&#8220; min_height_tablet=&#8220;230px&#8220; min_height_phone=&#8220;500px&#8220; min_height_last_edited=&#8220;on|phone&#8220; global_colors_info=&#8220;{}&#8220;][\/et_pb_divider][et_pb_countdown_timer title=&#8220;Coming soon&#8220; date_time=&#8220;2025-05-31 21:21&#8243; _builder_version=&#8220;4.27.4&#8243; _module_preset=&#8220;default&#8220; header_text_color=&#8220;#0d5c30&#8243; numbers_text_color=&#8220;#0d5c30&#8243; label_text_color=&#8220;#0d5c30&#8243; background_enable_color=&#8220;off&#8220; use_background_color_gradient=&#8220;on&#8220; background_color_gradient_stops=&#8220;rgba(255,255,255,0.52) 0%|rgba(255,255,255,0.1) 100%&#8220; hover_enabled=&#8220;0&#8243; global_colors_info=&#8220;{}&#8220; admin_label=&#8220;Odpo\u010d\u00edt\u00e1vadlo&#8220; sticky_enabled=&#8220;0&#8243;][\/et_pb_countdown_timer][\/et_pb_column][\/et_pb_row][\/et_pb_section]<\/p>\n","protected":false},"excerpt":{"rendered":"","protected":false},"author":1,"featured_media":0,"parent":0,"menu_order":0,"comment_status":"closed","ping_status":"closed","template":"","meta":{"_et_pb_use_builder":"on","_et_pb_old_content":"","_et_gb_content_width":"","footnotes":""},"class_list":["post-16","page","type-page","status-publish","hentry"],"_links":{"self":[{"href":"https:\/\/www.xn--kpr-0na.eu\/index.php?rest_route=\/wp\/v2\/pages\/16","targetHints":{"allow":["GET"]}}],"collection":[{"href":"https:\/\/www.xn--kpr-0na.eu\/index.php?rest_route=\/wp\/v2\/pages"}],"about":[{"href":"https:\/\/www.xn--kpr-0na.eu\/index.php?rest_route=\/wp\/v2\/types\/page"}],"author":[{"embeddable":true,"href":"https:\/\/www.xn--kpr-0na.eu\/index.php?rest_route=\/wp\/v2\/users\/1"}],"replies":[{"embeddable":true,"href":"https:\/\/www.xn--kpr-0na.eu\/index.php?rest_route=%2Fwp%2Fv2%2Fcomments&post=16"}],"version-history":[{"count":14,"href":"https:\/\/www.xn--kpr-0na.eu\/index.php?rest_route=\/wp\/v2\/pages\/16\/revisions"}],"predecessor-version":[{"id":65,"href":"https:\/\/www.xn--kpr-0na.eu\/index.php?rest_route=\/wp\/v2\/pages\/16\/revisions\/65"}],"wp:attachment":[{"href":"https:\/\/www.xn--kpr-0na.eu\/index.php?rest_route=%2Fwp%2Fv2%2Fmedia&parent=16"}],"curies":[{"name":"wp","href":"https:\/\/api.w.org\/{rel}","templated":true}]}}